{"id":18,"date":"2021-07-13T09:58:50","date_gmt":"2021-07-13T07:58:50","guid":{"rendered":"https:\/\/projekt-finisher.simonmista.de\/?page_id=18"},"modified":"2023-02-27T18:33:37","modified_gmt":"2023-02-27T17:33:37","slug":"brandbekaempelsesprojekter","status":"publish","type":"page","link":"https:\/\/www.pro-fins.de\/da\/firefighting-projekte\/","title":{"rendered":"Brandbek\u00e6mpelse. Projekter"},"content":{"rendered":"<div class=\"wpb-content-wrapper\"><div class=\"vc_row wpb_row vc_row-fluid\"><div class=\"wpb_column vc_column_container vc_col-sm-12\"><div class=\"vc_column-inner\"><div class=\"wpb_wrapper\"><h2 style=\"text-align: left\" class=\"vc_custom_heading vc_do_custom_heading\" >Projektkriser<\/h2><\/div><\/div><\/div><\/div><div class=\"vc_row wpb_row vc_row-fluid\"><div class=\"wpb_column vc_column_container vc_col-sm-12\"><div class=\"vc_column-inner\"><div class=\"wpb_wrapper\">\n\t<div class=\"wpb_text_column wpb_content_element\" >\n\t\t<div class=\"wpb_wrapper\">\n\t\t\t<p>Projektopgaver inden for brandbek\u00e6mpelse er kr\u00e6vende. Naturligvis l\u00f8ber n\u00e6sten alle udfordrende projekter ind i en kritisk situation fra tid til anden i l\u00f8bet af deres levetid.<\/p>\n<p><strong>Men kritiske projektsituationer kan ogs\u00e5 udvikle sig til projektkriser - her er det vigtigt at handle med det samme.<\/strong><\/p>\n\n\t\t<\/div>\n\t<\/div>\n<\/div><\/div><\/div><\/div><div class=\"vc_row wpb_row vc_row-fluid\"><div class=\"wpb_column vc_column_container vc_col-sm-12\"><div class=\"vc_column-inner\"><div class=\"wpb_wrapper\"><h2 style=\"text-align: left\" class=\"vc_custom_heading vc_do_custom_heading\" >Signaler<\/h2><\/div><\/div><\/div><\/div><div class=\"vc_row wpb_row vc_row-fluid\"><div class=\"wpb_column vc_column_container vc_col-sm-12\"><div class=\"vc_column-inner\"><div class=\"wpb_wrapper\">\n\t<div class=\"wpb_text_column wpb_content_element\" >\n\t\t<div class=\"wpb_wrapper\">\n\t\t\t<p>Typiske signaler for projektkriser omfatter<\/p>\n<ul>\n<li>\"Politiske\" milep\u00e6le fastholdes i ugevis, uden at projektteamet for alvor tror p\u00e5, at de kan n\u00e5s.<\/li>\n<li>Den rapporterede projektstatus svarer ikke til den faktiske status eller er f.eks. ukendt for st\u00f8rstedelen af projektteamet.<\/li>\n<li>Projektteamet bruger det meste af arbejdstiden p\u00e5 at diskutere, hvad der ikke fungerer.<\/li>\n<\/ul>\n\n\t\t<\/div>\n\t<\/div>\n<\/div><\/div><\/div><\/div><div class=\"vc_row wpb_row vc_row-fluid\"><div class=\"wpb_column vc_column_container vc_col-sm-12\"><div class=\"vc_column-inner\"><div class=\"wpb_wrapper\"><h2 style=\"text-align: left\" class=\"vc_custom_heading vc_do_custom_heading\" >Foranstaltninger<\/h2><\/div><\/div><\/div><\/div><div class=\"vc_row wpb_row vc_row-fluid\"><div class=\"wpb_column vc_column_container vc_col-sm-12\"><div class=\"vc_column-inner\"><div class=\"wpb_wrapper\">\n\t<div class=\"wpb_text_column wpb_content_element\" >\n\t\t<div class=\"wpb_wrapper\">\n\t\t\t<p>Hvis et projekt befinder sig i en projektkrise, hj\u00e6lper det med et \"eksternt blik\" p\u00e5 situationen.<\/p>\n<p>die.projekt.finsher kan bruge deres <em>Projektets sundhedstjek<\/em> hurtigt identificere de potentielle svagheder i projektet. Vi pr\u00e6senterer analysen for dig og samarbejder med dig om at definere de n\u00f8dvendige hasteforanstaltninger.<\/p>\n\n\t\t<\/div>\n\t<\/div>\n<\/div><\/div><\/div><\/div><div class=\"vc_row wpb_row vc_row-fluid\"><div class=\"wpb_column vc_column_container vc_col-sm-12\"><div class=\"vc_column-inner\"><div class=\"wpb_wrapper\">\n\t<div class=\"wpb_text_column wpb_content_element\" >\n\t\t<div class=\"wpb_wrapper\">\n\t\t\t<p>Det er s\u00e5dan, vi f\u00e5r dit projekt tilbage p\u00e5 sporet.<\/p>\n\n\t\t<\/div>\n\t<\/div>\n<\/div><\/div><\/div><\/div>\n<\/div>","protected":false},"excerpt":{"rendered":"Projektkriser Projektopgaver inden for brandbek\u00e6mpelse er kr\u00e6vende. Naturligvis l\u00f8ber n\u00e6sten alle udfordrende projekter ind i en kritisk situation i l\u00f8bet af deres levetid. Men kritiske projektsituationer kan ogs\u00e5 udvikle sig til projektkriser - og her er det vigtigt at handle med det samme. Signaler Typiske signaler for projektkriser omfatter Fastholdelse af \"politiske\" milep\u00e6le i ugevis, uden at projektteamet for alvor ...","protected":false},"author":2,"featured_media":162,"parent":0,"menu_order":0,"comment_status":"closed","ping_status":"closed","template":"","meta":{"_acf_changed":false,"footnotes":""},"class_list":["post-18","page","type-page","status-publish","has-post-thumbnail","hentry"],"acf":[],"aioseo_notices":[],"_links":{"self":[{"href":"https:\/\/www.pro-fins.de\/da\/wp-json\/wp\/v2\/pages\/18","targetHints":{"allow":["GET"]}}],"collection":[{"href":"https:\/\/www.pro-fins.de\/da\/wp-json\/wp\/v2\/pages"}],"about":[{"href":"https:\/\/www.pro-fins.de\/da\/wp-json\/wp\/v2\/types\/page"}],"author":[{"embeddable":true,"href":"https:\/\/www.pro-fins.de\/da\/wp-json\/wp\/v2\/users\/2"}],"replies":[{"embeddable":true,"href":"https:\/\/www.pro-fins.de\/da\/wp-json\/wp\/v2\/comments?post=18"}],"version-history":[{"count":21,"href":"https:\/\/www.pro-fins.de\/da\/wp-json\/wp\/v2\/pages\/18\/revisions"}],"predecessor-version":[{"id":350,"href":"https:\/\/www.pro-fins.de\/da\/wp-json\/wp\/v2\/pages\/18\/revisions\/350"}],"wp:featuredmedia":[{"embeddable":true,"href":"https:\/\/www.pro-fins.de\/da\/wp-json\/wp\/v2\/media\/162"}],"wp:attachment":[{"href":"https:\/\/www.pro-fins.de\/da\/wp-json\/wp\/v2\/media?parent=18"}],"curies":[{"name":"wp","href":"https:\/\/api.w.org\/{rel}","templated":true}]}}