{"id":16,"date":"2021-07-13T09:58:38","date_gmt":"2021-07-13T07:58:38","guid":{"rendered":"https:\/\/projekt-finisher.simonmista.de\/?page_id=16"},"modified":"2023-02-27T17:40:06","modified_gmt":"2023-02-27T16:40:06","slug":"projektafslutter","status":"publish","type":"page","link":"https:\/\/www.pro-fins.de\/da\/projekt-finisher\/","title":{"rendered":"die.projekt.finisher"},"content":{"rendered":"<div class=\"wpb-content-wrapper\"><div class=\"vc_row wpb_row vc_row-fluid\"><div class=\"wpb_column vc_column_container vc_col-sm-12\"><div class=\"vc_column-inner\"><div class=\"wpb_wrapper\"><h2 style=\"text-align: left\" class=\"vc_custom_heading vc_do_custom_heading\" >\"F\u00e5 arbejdet gjort!\"<\/h2><\/div><\/div><\/div><\/div><div class=\"vc_row wpb_row vc_row-fluid\"><div class=\"wpb_column vc_column_container vc_col-sm-12\"><div class=\"vc_column-inner\"><div class=\"wpb_wrapper\">\n\t<div class=\"wpb_text_column wpb_content_element\" >\n\t\t<div class=\"wpb_wrapper\">\n\t\t\t<p>\"Get the job done\" er vores kunders \u00f8nske og vores motto, n\u00e5r vi \"springer ud\" i projekter eller opgaver og gennemf\u00f8rer dem med succes.<\/p>\n\n\t\t<\/div>\n\t<\/div>\n<\/div><\/div><\/div><\/div><div class=\"vc_row wpb_row vc_row-fluid\"><div class=\"wpb_column vc_column_container vc_col-sm-12\"><div class=\"vc_column-inner\"><div class=\"wpb_wrapper\"><h2 style=\"text-align: left\" class=\"vc_custom_heading vc_do_custom_heading\" >die.projekt.finischer - pro-fins GmbH<\/h2><\/div><\/div><\/div><\/div><div class=\"vc_row wpb_row vc_row-fluid\"><div class=\"wpb_column vc_column_container vc_col-sm-12\"><div class=\"vc_column-inner\"><div class=\"wpb_wrapper\">\n\t<div class=\"wpb_text_column wpb_content_element\" >\n\t\t<div class=\"wpb_wrapper\">\n\t\t\t<p>er en<strong> Konsulentfirma<\/strong>der samarbejder med et netv\u00e6rk af erfarne projekt- og interimledere.<\/p>\n\n\t\t<\/div>\n\t<\/div>\n<\/div><\/div><\/div><\/div><div class=\"vc_row wpb_row vc_row-fluid\"><div class=\"wpb_column vc_column_container vc_col-sm-12\"><div class=\"vc_column-inner\"><div class=\"wpb_wrapper\"><h2 style=\"text-align: left\" class=\"vc_custom_heading vc_do_custom_heading\" >Kortvarig st\u00f8tte<\/h2><\/div><\/div><\/div><\/div><div class=\"vc_row wpb_row vc_row-fluid\"><div class=\"wpb_column vc_column_container vc_col-sm-12\"><div class=\"vc_column-inner\"><div class=\"wpb_wrapper\">\n\t<div class=\"wpb_text_column wpb_content_element\" >\n\t\t<div class=\"wpb_wrapper\">\n\t\t\t<p>Uanset om det er p\u00e5 kort eller lang sigt, st\u00f8tter vi dig fleksibelt og effektivt med en projektstyringsmetode, der er skr\u00e6ddersyet til din virksomhed.<\/p>\n\n\t\t<\/div>\n\t<\/div>\n<\/div><\/div><\/div><\/div><div class=\"vc_row wpb_row vc_row-fluid\"><div class=\"wpb_column vc_column_container vc_col-sm-12\"><div class=\"vc_column-inner\"><div class=\"wpb_wrapper\">\n\t<div class=\"wpb_text_column wpb_content_element\" >\n\t\t<div class=\"wpb_wrapper\">\n\t\t\t\n\t\t<\/div>\n\t<\/div>\n<\/div><\/div><\/div><\/div><div class=\"vc_row wpb_row vc_row-fluid\"><div class=\"wpb_column vc_column_container vc_col-sm-12\"><div class=\"vc_column-inner\"><div class=\"wpb_wrapper\"><\/div><\/div><\/div><\/div>\n<\/div>","protected":false},"excerpt":{"rendered":"\"F\u00e5 arbejdet gjort!\" \"F\u00e5 arbejdet gjort\" er vores kunders \u00f8nske og vores motto, n\u00e5r vi \"g\u00e5r ind i\" projekter eller opgaver og gennemf\u00f8rer dem med succes. die.projekt.finischer - pro-fins GmbH er en konsulentvirksomhed, der arbejder med et netv\u00e6rk af erfarne projekt- og interimledere. Kortvarig st\u00f8tte Uanset om det er kortvarigt eller langvarigt, st\u00f8tter vi dig fleksibelt og ...","protected":false},"author":2,"featured_media":146,"parent":0,"menu_order":0,"comment_status":"closed","ping_status":"closed","template":"","meta":{"_acf_changed":false,"footnotes":""},"class_list":["post-16","page","type-page","status-publish","has-post-thumbnail","hentry"],"acf":[],"aioseo_notices":[],"_links":{"self":[{"href":"https:\/\/www.pro-fins.de\/da\/wp-json\/wp\/v2\/pages\/16","targetHints":{"allow":["GET"]}}],"collection":[{"href":"https:\/\/www.pro-fins.de\/da\/wp-json\/wp\/v2\/pages"}],"about":[{"href":"https:\/\/www.pro-fins.de\/da\/wp-json\/wp\/v2\/types\/page"}],"author":[{"embeddable":true,"href":"https:\/\/www.pro-fins.de\/da\/wp-json\/wp\/v2\/users\/2"}],"replies":[{"embeddable":true,"href":"https:\/\/www.pro-fins.de\/da\/wp-json\/wp\/v2\/comments?post=16"}],"version-history":[{"count":14,"href":"https:\/\/www.pro-fins.de\/da\/wp-json\/wp\/v2\/pages\/16\/revisions"}],"predecessor-version":[{"id":346,"href":"https:\/\/www.pro-fins.de\/da\/wp-json\/wp\/v2\/pages\/16\/revisions\/346"}],"wp:featuredmedia":[{"embeddable":true,"href":"https:\/\/www.pro-fins.de\/da\/wp-json\/wp\/v2\/media\/146"}],"wp:attachment":[{"href":"https:\/\/www.pro-fins.de\/da\/wp-json\/wp\/v2\/media?parent=16"}],"curies":[{"name":"wp","href":"https:\/\/api.w.org\/{rel}","templated":true}]}}